{"id":2952,"date":"2024-08-29T21:08:16","date_gmt":"2024-08-29T21:08:16","guid":{"rendered":"https:\/\/menudosduendes.com\/?page_id=2952"},"modified":"2024-09-09T20:10:18","modified_gmt":"2024-09-09T20:10:18","slug":"nuestros-productos","status":"publish","type":"page","link":"https:\/\/menudosduendes.com\/en\/nuestros-productos\/","title":{"rendered":"Nuestros productos"},"content":{"rendered":"<div data-elementor-type=\"wp-page\" data-elementor-id=\"2952\" class=\"elementor elementor-2952\">\n\t\t\t\t<div class=\"elementor-element elementor-element-100d3e80 e-flex e-con-boxed e-con e-parent\" data-id=\"100d3e80\" data-element_type=\"container\" data-e-type=\"container\" data-settings=\"{&quot;background_background&quot;:&quot;classic&quot;,&quot;shape_divider_bottom&quot;:&quot;waves&quot;}\">\n\t\t\t\t\t<div class=\"e-con-inner\">\n\t\t\t\t<div class=\"elementor-shape elementor-shape-bottom\" aria-hidden=\"true\" data-negative=\"false\">\n\t\t\t<svg xmlns=\"http:\/\/www.w3.org\/2000\/svg\" viewbox=\"0 0 1000 100\" preserveaspectratio=\"none\">\n\t<path class=\"elementor-shape-fill\" d=\"M421.9,6.5c22.6-2.5,51.5,0.4,75.5,5.3c23.6,4.9,70.9,23.5,100.5,35.7c75.8,32.2,133.7,44.5,192.6,49.7\tc23.6,2.1,48.7,3.5,103.4-2.5c54.7-6,106.2-25.6,106.2-25.6V0H0v30.3c0,0,72,32.6,158.4,30.5c39.2-0.7,92.8-6.7,134-22.4\tc21.2-8.1,52.2-18.2,79.7-24.2C399.3,7.9,411.6,7.5,421.9,6.5z\"\/>\n<\/svg>\t\t<\/div>\n\t\t<div class=\"elementor-element elementor-element-72de5cdc e-con-full e-flex e-con e-child\" data-id=\"72de5cdc\" data-element_type=\"container\" data-e-type=\"container\">\n\t\t\t\t<div class=\"elementor-element elementor-element-49772f7e elementor-hidden-desktop elementor-hidden-tablet elementor-hidden-mobile elementor-widget elementor-widget-heading\" data-id=\"49772f7e\" data-element_type=\"widget\" data-e-type=\"widget\" data-widget_type=\"heading.default\">\n\t\t\t\t<div class=\"elementor-widget-container\">\n\t\t\t\t\t<h1 class=\"elementor-heading-title elementor-size-default\">Nuestros productos<\/h1>\t\t\t\t<\/div>\n\t\t\t\t<\/div>\n\t\t\t\t<\/div>\n\t\t\t\t\t<\/div>\n\t\t\t\t<\/div>\n\t\t\t\t<section class=\"elementor-section elementor-top-section elementor-element elementor-element-6d9500f elementor-section-boxed elementor-section-height-default elementor-section-height-default\" data-id=\"6d9500f\" data-element_type=\"section\" data-e-type=\"section\" data-settings=\"{&quot;background_background&quot;:&quot;classic&quot;}\">\n\t\t\t\t\t\t<div class=\"elementor-container elementor-column-gap-no\">\n\t\t\t\t\t<div class=\"elementor-column elementor-col-100 elementor-top-column elementor-element elementor-element-3669e911\" data-id=\"3669e911\" data-element_type=\"column\" data-e-type=\"column\">\n\t\t\t<div class=\"elementor-widget-wrap elementor-element-populated\">\n\t\t\t\t\t\t<div class=\"elementor-element elementor-element-4260af3b elementor-widget elementor-widget-image-box\" data-id=\"4260af3b\" data-element_type=\"widget\" data-e-type=\"widget\" data-widget_type=\"image-box.default\">\n\t\t\t\t<div class=\"elementor-widget-container\">\n\t\t\t\t\t<div class=\"elementor-image-box-wrapper\"><div class=\"elementor-image-box-content\"><h2 class=\"elementor-image-box-title\">Nuestros productos<\/h2><p class=\"elementor-image-box-description\">Descubre algunos de los productos tematizados<\/p><\/div><\/div>\t\t\t\t<\/div>\n\t\t\t\t<\/div>\n\t\t<div class=\"elementor-element elementor-element-fdbfeb7 e-flex e-con-boxed e-con e-parent\" data-id=\"fdbfeb7\" data-element_type=\"container\" data-e-type=\"container\">\n\t\t\t\t\t<div class=\"e-con-inner\">\n\t\t<div class=\"elementor-element elementor-element-e947765 e-grid e-con-full e-con e-child\" data-id=\"e947765\" data-element_type=\"container\" data-e-type=\"container\">\n\t\t<div class=\"elementor-element elementor-element-d59ad6e e-grid e-con-full e-con e-child\" data-id=\"d59ad6e\" data-element_type=\"container\" data-e-type=\"container\">\n\t\t\t\t<div class=\"elementor-element elementor-element-174f3be elementor-widget elementor-widget-image\" data-id=\"174f3be\" data-element_type=\"widget\" data-e-type=\"widget\" data-widget_type=\"image.default\">\n\t\t\t\t<div class=\"elementor-widget-container\">\n\t\t\t\t\t\t\t\t\t\t\t\t\t\t\t\t<a href=\"\/en\/halloween\/\">\n\t\t\t\t\t\t\t<img fetchpriority=\"high\" decoding=\"async\" width=\"1012\" height=\"1024\" src=\"https:\/\/menudosduendes.com\/wp-content\/uploads\/2024\/08\/DH.205-HALLOWEEN-EXP-1012x1024.png\" class=\"attachment-large size-large wp-image-2958\" alt=\"\" srcset=\"https:\/\/menudosduendes.com\/wp-content\/uploads\/2024\/08\/DH.205-HALLOWEEN-EXP-1012x1024.png 1012w, https:\/\/menudosduendes.com\/wp-content\/uploads\/2024\/08\/DH.205-HALLOWEEN-EXP-297x300.png 297w, https:\/\/menudosduendes.com\/wp-content\/uploads\/2024\/08\/DH.205-HALLOWEEN-EXP-768x777.png 768w, https:\/\/menudosduendes.com\/wp-content\/uploads\/2024\/08\/DH.205-HALLOWEEN-EXP-12x12.png 12w, https:\/\/menudosduendes.com\/wp-content\/uploads\/2024\/08\/DH.205-HALLOWEEN-EXP.png 1126w\" sizes=\"(max-width: 1012px) 100vw, 1012px\" \/>\t\t\t\t\t\t\t\t<\/a>\n\t\t\t\t\t\t\t\t\t\t\t\t\t\t\t<\/div>\n\t\t\t\t<\/div>\n\t\t\t\t<div class=\"elementor-element elementor-element-1506205 elementor-widget elementor-widget-text-editor\" data-id=\"1506205\" data-element_type=\"widget\" data-e-type=\"widget\" data-widget_type=\"text-editor.default\">\n\t\t\t\t<div class=\"elementor-widget-container\">\n\t\t\t\t\t\t\t\t\t<h3 style=\"text-align: center;\"><a href=\"\/en\/halloween\/\">Halloween<\/a><\/h3>\t\t\t\t\t\t\t\t<\/div>\n\t\t\t\t<\/div>\n\t\t\t\t<\/div>\n\t\t<div class=\"elementor-element elementor-element-c602148 e-grid e-con-full e-con e-child\" data-id=\"c602148\" data-element_type=\"container\" data-e-type=\"container\">\n\t\t\t\t<div class=\"elementor-element elementor-element-6e3faae elementor-widget elementor-widget-image\" data-id=\"6e3faae\" data-element_type=\"widget\" data-e-type=\"widget\" data-widget_type=\"image.default\">\n\t\t\t\t<div class=\"elementor-widget-container\">\n\t\t\t\t\t\t\t\t\t\t\t\t\t\t\t\t<a href=\"\/en\/navidad\/\">\n\t\t\t\t\t\t\t<img decoding=\"async\" width=\"1024\" height=\"927\" src=\"https:\/\/menudosduendes.com\/wp-content\/uploads\/2024\/09\/DH.205-EXP-NAVIDAD-1024x927.png\" class=\"attachment-large size-large wp-image-3000\" alt=\"\" srcset=\"https:\/\/menudosduendes.com\/wp-content\/uploads\/2024\/09\/DH.205-EXP-NAVIDAD-1024x927.png 1024w, https:\/\/menudosduendes.com\/wp-content\/uploads\/2024\/09\/DH.205-EXP-NAVIDAD-300x271.png 300w, https:\/\/menudosduendes.com\/wp-content\/uploads\/2024\/09\/DH.205-EXP-NAVIDAD-768x695.png 768w, https:\/\/menudosduendes.com\/wp-content\/uploads\/2024\/09\/DH.205-EXP-NAVIDAD-13x12.png 13w, https:\/\/menudosduendes.com\/wp-content\/uploads\/2024\/09\/DH.205-EXP-NAVIDAD.png 1115w\" sizes=\"(max-width: 1024px) 100vw, 1024px\" \/>\t\t\t\t\t\t\t\t<\/a>\n\t\t\t\t\t\t\t\t\t\t\t\t\t\t\t<\/div>\n\t\t\t\t<\/div>\n\t\t\t\t<div class=\"elementor-element elementor-element-756b0fb elementor-widget elementor-widget-text-editor\" data-id=\"756b0fb\" data-element_type=\"widget\" data-e-type=\"widget\" data-widget_type=\"text-editor.default\">\n\t\t\t\t<div class=\"elementor-widget-container\">\n\t\t\t\t\t\t\t\t\t<h3 style=\"text-align: center;\"><a href=\"\/en\/navidad\/\">Navidad<\/a><\/h3>\t\t\t\t\t\t\t\t<\/div>\n\t\t\t\t<\/div>\n\t\t\t\t<\/div>\n\t\t\t\t<\/div>\n\t\t\t\t\t<\/div>\n\t\t\t\t<\/div>\n\t\t\t\t\t<\/div>\n\t\t<\/div>\n\t\t\t\t\t<\/div>\n\t\t<\/section>\n\t\t\t\t<\/div>","protected":false},"excerpt":{"rendered":"<p>Nuestros productos Nuestros productos Descubre algunos de los productos tematizados Halloween Navidad<\/p>","protected":false},"author":2,"featured_media":0,"parent":0,"menu_order":0,"comment_status":"closed","ping_status":"closed","template":"","meta":{"_et_pb_use_builder":"","_et_pb_old_content":"","_et_gb_content_width":"","om_disable_all_campaigns":false,"_monsterinsights_skip_tracking":false,"_monsterinsights_sitenote_active":false,"_monsterinsights_sitenote_note":"","_monsterinsights_sitenote_category":0,"site-sidebar-layout":"no-sidebar","site-content-layout":"page-builder","ast-site-content-layout":"full-width-container","site-content-style":"default","site-sidebar-style":"default","ast-global-header-display":"","ast-banner-title-visibility":"","ast-main-header-display":"","ast-hfb-above-header-display":"","ast-hfb-below-header-display":"","ast-hfb-mobile-header-display":"","site-post-title":"disabled","ast-breadcrumbs-content":"","ast-featured-img":"disabled","footer-sml-layout":"","ast-disable-related-posts":"","theme-transparent-header-meta":"","adv-header-id-meta":"","stick-header-meta":"","header-above-stick-meta":"","header-main-stick-meta":"","header-below-stick-meta":"","astra-migrate-meta-layouts":"set","ast-page-background-enabled":"default","ast-page-background-meta":{"desktop":{"background-color":"","background-image":"","background-repeat":"repeat","background-position":"center center","background-size":"auto","background-attachment":"scroll","background-type":"","background-media":"","overlay-type":"","overlay-color":"","overlay-opacity":"","overlay-gradient":""},"tablet":{"background-color":"","background-image":"","background-repeat":"repeat","background-position":"center center","background-size":"auto","background-attachment":"scroll","background-type":"","background-media":"","overlay-type":"","overlay-color":"","overlay-opacity":"","overlay-gradient":""},"mobile":{"background-color":"","background-image":"","background-repeat":"repeat","background-position":"center center","background-size":"auto","background-attachment":"scroll","background-type":"","background-media":"","overlay-type":"","overlay-color":"","overlay-opacity":"","overlay-gradient":""}},"ast-content-background-meta":{"desktop":{"background-color":"var(--ast-global-color-4)","background-image":"","background-repeat":"repeat","background-position":"center center","background-size":"auto","background-attachment":"scroll","background-type":"","background-media":"","overlay-type":"","overlay-color":"","overlay-opacity":"","overlay-gradient":""},"tablet":{"background-color":"var(--ast-global-color-4)","background-image":"","background-repeat":"repeat","background-position":"center center","background-size":"auto","background-attachment":"scroll","background-type":"","background-media":"","overlay-type":"","overlay-color":"","overlay-opacity":"","overlay-gradient":""},"mobile":{"background-color":"var(--ast-global-color-4)","background-image":"","background-repeat":"repeat","background-position":"center center","background-size":"auto","background-attachment":"scroll","background-type":"","background-media":"","overlay-type":"","overlay-color":"","overlay-opacity":"","overlay-gradient":""}},"_joinchat":[],"footnotes":""},"class_list":["post-2952","page","type-page","status-publish","hentry"],"yoast_head":"<!-- This site is optimized with the Yoast SEO plugin v27.2 - https:\/\/yoast.com\/product\/yoast-seo-wordpress\/ -->\n<title>Nuestros productos - Menudos Duendes<\/title>\n<meta name=\"description\" content=\"Descubre nuestros productos de chocolate de entre una amplia gama con tem\u00e1tica de Halloween, Navidad, D\u00eda de Enamorados, o personal\u00edzalos t\u00fa mismo.\" \/>\n<meta name=\"robots\" content=\"index, follow, max-snippet:-1, max-image-preview:large, max-video-preview:-1\" \/>\n<link rel=\"canonical\" href=\"https:\/\/menudosduendes.com\/en\/nuestros-productos\/\" \/>\n<meta property=\"og:locale\" content=\"en_US\" \/>\n<meta property=\"og:type\" content=\"article\" \/>\n<meta property=\"og:title\" content=\"Nuestros productos - Menudos Duendes\" \/>\n<meta property=\"og:description\" content=\"Descubre nuestros productos de chocolate de entre una amplia gama con tem\u00e1tica de Halloween, Navidad, D\u00eda de Enamorados, o personal\u00edzalos t\u00fa mismo.\" \/>\n<meta property=\"og:url\" content=\"https:\/\/menudosduendes.com\/en\/nuestros-productos\/\" \/>\n<meta property=\"og:site_name\" content=\"Menudos Duendes\" \/>\n<meta property=\"article:publisher\" content=\"https:\/\/www.facebook.com\/MenudosDuendesEsp\/\" \/>\n<meta property=\"article:modified_time\" content=\"2024-09-09T20:10:18+00:00\" \/>\n<meta property=\"og:image\" content=\"https:\/\/menudosduendes.com\/wp-content\/uploads\/2024\/08\/DH.205-HALLOWEEN-EXP-1012x1024.png\" \/>\n<meta name=\"twitter:card\" content=\"summary_large_image\" \/>\n<meta name=\"twitter:label1\" content=\"Est. reading time\" \/>\n\t<meta name=\"twitter:data1\" content=\"1 minute\" \/>\n<script type=\"application\/ld+json\" class=\"yoast-schema-graph\">{\"@context\":\"https:\/\/schema.org\",\"@graph\":[{\"@type\":\"WebPage\",\"@id\":\"https:\/\/menudosduendes.com\/nuestros-productos\/\",\"url\":\"https:\/\/menudosduendes.com\/nuestros-productos\/\",\"name\":\"Nuestros productos - Menudos Duendes\",\"isPartOf\":{\"@id\":\"https:\/\/menudosduendes.com\/#website\"},\"primaryImageOfPage\":{\"@id\":\"https:\/\/menudosduendes.com\/nuestros-productos\/#primaryimage\"},\"image\":{\"@id\":\"https:\/\/menudosduendes.com\/nuestros-productos\/#primaryimage\"},\"thumbnailUrl\":\"https:\/\/menudosduendes.com\/wp-content\/uploads\/2024\/08\/DH.205-HALLOWEEN-EXP-1012x1024.png\",\"datePublished\":\"2024-08-29T21:08:16+00:00\",\"dateModified\":\"2024-09-09T20:10:18+00:00\",\"description\":\"Descubre nuestros productos de chocolate de entre una amplia gama con tem\u00e1tica de Halloween, Navidad, D\u00eda de Enamorados, o personal\u00edzalos t\u00fa mismo.\",\"breadcrumb\":{\"@id\":\"https:\/\/menudosduendes.com\/nuestros-productos\/#breadcrumb\"},\"inLanguage\":\"en-US\",\"potentialAction\":[{\"@type\":\"ReadAction\",\"target\":[\"https:\/\/menudosduendes.com\/nuestros-productos\/\"]}]},{\"@type\":\"ImageObject\",\"inLanguage\":\"en-US\",\"@id\":\"https:\/\/menudosduendes.com\/nuestros-productos\/#primaryimage\",\"url\":\"https:\/\/menudosduendes.com\/wp-content\/uploads\/2024\/08\/DH.205-HALLOWEEN-EXP-1012x1024.png\",\"contentUrl\":\"https:\/\/menudosduendes.com\/wp-content\/uploads\/2024\/08\/DH.205-HALLOWEEN-EXP-1012x1024.png\"},{\"@type\":\"BreadcrumbList\",\"@id\":\"https:\/\/menudosduendes.com\/nuestros-productos\/#breadcrumb\",\"itemListElement\":[{\"@type\":\"ListItem\",\"position\":1,\"name\":\"Portada\",\"item\":\"https:\/\/menudosduendes.com\/\"},{\"@type\":\"ListItem\",\"position\":2,\"name\":\"Nuestros productos\"}]},{\"@type\":\"WebSite\",\"@id\":\"https:\/\/menudosduendes.com\/#website\",\"url\":\"https:\/\/menudosduendes.com\/\",\"name\":\"Menudos Duendes\",\"description\":\"Fabricaci\u00f3n de productos de confiter\u00eda\",\"publisher\":{\"@id\":\"https:\/\/menudosduendes.com\/#organization\"},\"potentialAction\":[{\"@type\":\"SearchAction\",\"target\":{\"@type\":\"EntryPoint\",\"urlTemplate\":\"https:\/\/menudosduendes.com\/?s={search_term_string}\"},\"query-input\":{\"@type\":\"PropertyValueSpecification\",\"valueRequired\":true,\"valueName\":\"search_term_string\"}}],\"inLanguage\":\"en-US\"},{\"@type\":\"Organization\",\"@id\":\"https:\/\/menudosduendes.com\/#organization\",\"name\":\"Menudos Duendes\",\"url\":\"https:\/\/menudosduendes.com\/\",\"logo\":{\"@type\":\"ImageObject\",\"inLanguage\":\"en-US\",\"@id\":\"https:\/\/menudosduendes.com\/#\/schema\/logo\/image\/\",\"url\":\"https:\/\/menudosduendes.com\/wp-content\/uploads\/2024\/03\/Logo-menudos-duendes.png\",\"contentUrl\":\"https:\/\/menudosduendes.com\/wp-content\/uploads\/2024\/03\/Logo-menudos-duendes.png\",\"width\":180,\"height\":84,\"caption\":\"Menudos Duendes\"},\"image\":{\"@id\":\"https:\/\/menudosduendes.com\/#\/schema\/logo\/image\/\"},\"sameAs\":[\"https:\/\/www.facebook.com\/MenudosDuendesEsp\/\",\"https:\/\/www.instagram.com\/menudosduendes\/\"]}]}<\/script>\n<!-- \/ Yoast SEO plugin. -->","yoast_head_json":{"title":"Nuestros productos - Menudos Duendes","description":"Descubre nuestros productos de chocolate de entre una amplia gama con tem\u00e1tica de Halloween, Navidad, D\u00eda de Enamorados, o personal\u00edzalos t\u00fa mismo.","robots":{"index":"index","follow":"follow","max-snippet":"max-snippet:-1","max-image-preview":"max-image-preview:large","max-video-preview":"max-video-preview:-1"},"canonical":"https:\/\/menudosduendes.com\/en\/nuestros-productos\/","og_locale":"en_US","og_type":"article","og_title":"Nuestros productos - Menudos Duendes","og_description":"Descubre nuestros productos de chocolate de entre una amplia gama con tem\u00e1tica de Halloween, Navidad, D\u00eda de Enamorados, o personal\u00edzalos t\u00fa mismo.","og_url":"https:\/\/menudosduendes.com\/en\/nuestros-productos\/","og_site_name":"Menudos Duendes","article_publisher":"https:\/\/www.facebook.com\/MenudosDuendesEsp\/","article_modified_time":"2024-09-09T20:10:18+00:00","og_image":[{"url":"https:\/\/menudosduendes.com\/wp-content\/uploads\/2024\/08\/DH.205-HALLOWEEN-EXP-1012x1024.png","type":"","width":"","height":""}],"twitter_card":"summary_large_image","twitter_misc":{"Est. reading time":"1 minute"},"schema":{"@context":"https:\/\/schema.org","@graph":[{"@type":"WebPage","@id":"https:\/\/menudosduendes.com\/nuestros-productos\/","url":"https:\/\/menudosduendes.com\/nuestros-productos\/","name":"Nuestros productos - Menudos Duendes","isPartOf":{"@id":"https:\/\/menudosduendes.com\/#website"},"primaryImageOfPage":{"@id":"https:\/\/menudosduendes.com\/nuestros-productos\/#primaryimage"},"image":{"@id":"https:\/\/menudosduendes.com\/nuestros-productos\/#primaryimage"},"thumbnailUrl":"https:\/\/menudosduendes.com\/wp-content\/uploads\/2024\/08\/DH.205-HALLOWEEN-EXP-1012x1024.png","datePublished":"2024-08-29T21:08:16+00:00","dateModified":"2024-09-09T20:10:18+00:00","description":"Descubre nuestros productos de chocolate de entre una amplia gama con tem\u00e1tica de Halloween, Navidad, D\u00eda de Enamorados, o personal\u00edzalos t\u00fa mismo.","breadcrumb":{"@id":"https:\/\/menudosduendes.com\/nuestros-productos\/#breadcrumb"},"inLanguage":"en-US","potentialAction":[{"@type":"ReadAction","target":["https:\/\/menudosduendes.com\/nuestros-productos\/"]}]},{"@type":"ImageObject","inLanguage":"en-US","@id":"https:\/\/menudosduendes.com\/nuestros-productos\/#primaryimage","url":"https:\/\/menudosduendes.com\/wp-content\/uploads\/2024\/08\/DH.205-HALLOWEEN-EXP-1012x1024.png","contentUrl":"https:\/\/menudosduendes.com\/wp-content\/uploads\/2024\/08\/DH.205-HALLOWEEN-EXP-1012x1024.png"},{"@type":"BreadcrumbList","@id":"https:\/\/menudosduendes.com\/nuestros-productos\/#breadcrumb","itemListElement":[{"@type":"ListItem","position":1,"name":"Portada","item":"https:\/\/menudosduendes.com\/"},{"@type":"ListItem","position":2,"name":"Nuestros productos"}]},{"@type":"WebSite","@id":"https:\/\/menudosduendes.com\/#website","url":"https:\/\/menudosduendes.com\/","name":"Menudos Duendes","description":"Fabricaci\u00f3n de productos de confiter\u00eda","publisher":{"@id":"https:\/\/menudosduendes.com\/#organization"},"potentialAction":[{"@type":"SearchAction","target":{"@type":"EntryPoint","urlTemplate":"https:\/\/menudosduendes.com\/?s={search_term_string}"},"query-input":{"@type":"PropertyValueSpecification","valueRequired":true,"valueName":"search_term_string"}}],"inLanguage":"en-US"},{"@type":"Organization","@id":"https:\/\/menudosduendes.com\/#organization","name":"Menudos Duendes","url":"https:\/\/menudosduendes.com\/","logo":{"@type":"ImageObject","inLanguage":"en-US","@id":"https:\/\/menudosduendes.com\/#\/schema\/logo\/image\/","url":"https:\/\/menudosduendes.com\/wp-content\/uploads\/2024\/03\/Logo-menudos-duendes.png","contentUrl":"https:\/\/menudosduendes.com\/wp-content\/uploads\/2024\/03\/Logo-menudos-duendes.png","width":180,"height":84,"caption":"Menudos Duendes"},"image":{"@id":"https:\/\/menudosduendes.com\/#\/schema\/logo\/image\/"},"sameAs":["https:\/\/www.facebook.com\/MenudosDuendesEsp\/","https:\/\/www.instagram.com\/menudosduendes\/"]}]}},"_links":{"self":[{"href":"https:\/\/menudosduendes.com\/en\/wp-json\/wp\/v2\/pages\/2952","targetHints":{"allow":["GET"]}}],"collection":[{"href":"https:\/\/menudosduendes.com\/en\/wp-json\/wp\/v2\/pages"}],"about":[{"href":"https:\/\/menudosduendes.com\/en\/wp-json\/wp\/v2\/types\/page"}],"author":[{"embeddable":true,"href":"https:\/\/menudosduendes.com\/en\/wp-json\/wp\/v2\/users\/2"}],"replies":[{"embeddable":true,"href":"https:\/\/menudosduendes.com\/en\/wp-json\/wp\/v2\/comments?post=2952"}],"version-history":[{"count":44,"href":"https:\/\/menudosduendes.com\/en\/wp-json\/wp\/v2\/pages\/2952\/revisions"}],"predecessor-version":[{"id":3033,"href":"https:\/\/menudosduendes.com\/en\/wp-json\/wp\/v2\/pages\/2952\/revisions\/3033"}],"wp:attachment":[{"href":"https:\/\/menudosduendes.com\/en\/wp-json\/wp\/v2\/media?parent=2952"}],"curies":[{"name":"wp","href":"https:\/\/api.w.org\/{rel}","templated":true}]}}